{"id":78,"date":"2020-04-25T09:00:15","date_gmt":"2020-04-25T09:00:15","guid":{"rendered":"https:\/\/www.riveiro1980.com\/?page_id=78"},"modified":"2020-06-02T16:21:20","modified_gmt":"2020-06-02T16:21:20","slug":"peluqueria-y-barberia","status":"publish","type":"page","link":"https:\/\/www.riveiro1980.com\/","title":{"rendered":"Inicio"},"content":{"rendered":"\n<h2>\u00a1<strong>Bienvenidos<\/strong> <strong>a nuestra Peluquer\u00eda de Caballeros y Barber\u00eda!<\/strong><\/h2>\n\n\n\n<div class=\"wp-block-group\"><div class=\"wp-block-group__inner-container\">\n<div class=\"alignnormal\"><div id=\"metaslider-id-30\" style=\"width: 100%;\" class=\"ml-slider-3-23-0 metaslider metaslider-flex metaslider-30 ml-slider\">\n    <div id=\"metaslider_container_30\">\n        <div id=\"metaslider_30\">\n            <ul aria-live=\"polite\" class=\"slides\">\n                <li style=\"display: block; width: 100%;\" class=\"slide-100 ms-image\"><img src=\"https:\/\/www.riveiro1980.com\/wp-content\/uploads\/2020\/04\/IMG_5259-scaled-1600x800.jpg\" height=\"800\" width=\"1600\" alt=\"\" class=\"slider-30 slide-100\" title=\"IMG_5259\" \/><\/li>\n                <li style=\"display: none; width: 100%;\" class=\"slide-101 ms-image\"><img src=\"https:\/\/www.riveiro1980.com\/wp-content\/uploads\/2020\/04\/IMG_5264-scaled-1600x800.jpg\" height=\"800\" width=\"1600\" alt=\"Servicios\" class=\"slider-30 slide-101\" title=\"IMG_5264\" \/><\/li>\n                <li style=\"display: none; width: 100%;\" class=\"slide-103 ms-image\"><img src=\"https:\/\/www.riveiro1980.com\/wp-content\/uploads\/2020\/04\/IMG_5272-scaled-1600x800.jpg\" height=\"800\" width=\"1600\" alt=\"\" class=\"slider-30 slide-103\" title=\"IMG_5272\" \/><\/li>\n                <li style=\"display: none; width: 100%;\" class=\"slide-102 ms-image\"><img src=\"https:\/\/www.riveiro1980.com\/wp-content\/uploads\/2020\/04\/IMG_5268-scaled-1600x800.jpg\" height=\"800\" width=\"1600\" alt=\"\" class=\"slider-30 slide-102\" title=\"IMG_5268\" \/><\/li>\n                <li style=\"display: none; width: 100%;\" class=\"slide-99 ms-image\"><img src=\"https:\/\/www.riveiro1980.com\/wp-content\/uploads\/2020\/04\/IMG_5250-scaled-1600x800.jpg\" height=\"800\" width=\"1600\" alt=\"\" class=\"slider-30 slide-99\" title=\"IMG_5250\" \/><\/li>\n            <\/ul>\n        <\/div>\n        \n    <\/div>\n<\/div><\/div>\n<\/div><\/div>\n\n\n\n<p>En Riveiro, Peluquer\u00eda de Caballeros y Barber\u00eda,  os ofrecemos desde 1980 nuestros servicios especializados en hombres. <\/p>\n\n\n\n<p>Consideramos que los hombres deben tener su propio espacio personal. Un lugar donde sentirse bien, atendidos, y de donde salgan con una imagen renovada  y sobre todo cuidada al detalle.<\/p>\n\n\n\n<p>Una buena imagen personal te ayuda a formar y proyectar seguridad en ti mismo. Por eso te ayudaremos, aconsejaremos y acompa\u00f1aremos en este proceso. <a rel=\"noreferrer noopener\" href=\"https:\/\/www.riveiro1980.com\/index.php\/reserva-de-citas\/\" target=\"_blank\">\u00a1Te esperamos! <\/a><\/p>\n\n\n\n<p>Aqu\u00ed encontrareis mucha informaci\u00f3n sobre nosotros y nuestros servicios, pero si quieres ver trabajos nuestros m\u00e1s en profundidad, puedes verlos <a rel=\"noreferrer noopener\" href=\"https:\/\/www.instagram.com\/riveiro1980\/?hl=es\" target=\"_blank\">aqu\u00ed. <\/a><\/p>\n\n\n\n<p>Nuestra trayectoria en la peluquer\u00eda de caballeros es muy amplia, en 2020 cumplimos 40 a\u00f1os. Por nuestra Barber\u00eda han pasado miles de hombres y de modas y a cada una de ellas nos adaptamos siempre con la m\u00e1xima exigencia para vosotros.<\/p>\n\n\n\n<p>\u00a1Deja tu cabello en nuestras manos! No consideres un corte de pelo como algo tan simple. Que tu cabello, corte y peinado se vea bonito al salir de la peluquer\u00eda es importante, pero tambi\u00e9n lo es que conforme pasen las semanas y el pelo crezca, lo haga con forma y con sentido. <\/p>\n\n\n\n<p>Estamos situados en un pueblo a 20km de Valencia. Es un orgullo para nosotros que nuestros clientes se trasladen desde todas las partes de la provincia de Valencia e incluso de otras comunidades de Espa\u00f1a para que Riveiro sea el responsable de su imagen personal. <\/p>\n\n\n\n<p>No somos una peluquer\u00eda ni barber\u00eda de paso, nuestros clientes cuando nos prueban se quedan y repiten. \u00a1Esperamos conocerte pronto! <\/p>\n\n\n\n<div class=\"wp-block-group\"><div class=\"wp-block-group__inner-container\"><\/div><\/div>\n\n\n\n<p><\/p>\n<!-- AddThis Advanced Settings generic via filter on the_content --><!-- AddThis Share Buttons generic via filter on the_content -->","protected":false},"excerpt":{"rendered":"<p>\u00a1Bienvenidos a nuestra Peluquer\u00eda de Caballeros y Barber\u00eda! En Riveiro, Peluquer\u00eda de Caballeros y Barber\u00eda, os ofrecemos desde 1980 nuestros servicios especializados en hombres. Consideramos que los hombres deben tener su propio espacio personal. Un lugar donde sentirse bien, atendidos, y de donde salgan con una imagen renovada y sobre todo cuidada al detalle. Una &hellip; <\/p>\n<p class=\"link-more\"><a href=\"https:\/\/www.riveiro1980.com\/\" class=\"more-link\">Continuar leyendo<span class=\"screen-reader-text\"> \u00abInicio\u00bb<\/span><\/a><\/p>\n<p><!-- AddThis Advanced Settings generic via filter on get_the_excerpt --><!-- AddThis Share Buttons generic via filter on get_the_excerpt --><\/p>\n","protected":false},"author":1,"featured_media":0,"parent":0,"menu_order":0,"comment_status":"closed","ping_status":"closed","template":"","meta":[],"yoast_head":"<!-- This site is optimized with the Yoast SEO plugin v15.9 - https:\/\/yoast.com\/wordpress\/plugins\/seo\/ -->\n<title>Inicio - Riveiro 1980 \ud83e\udd47 Peluquer\u00eda de caballeros y Barber\u00eda en Valencia<\/title>\n<meta name=\"description\" content=\"Peluquer\u00eda de caballeros y barber\u00eda, un lugar donde sentirse bien, atendido, y de donde salga con una imagen renovada y sobre todo cuidada al detalle\" \/>\n<meta name=\"robots\" content=\"index, follow, max-snippet:-1, max-image-preview:large, max-video-preview:-1\" \/>\n<link rel=\"canonical\" href=\"https:\/\/www.riveiro1980.com\/\" \/>\n<meta property=\"og:locale\" content=\"es_ES\" \/>\n<meta property=\"og:type\" content=\"article\" \/>\n<meta property=\"og:title\" content=\"Inicio - Riveiro 1980 \ud83e\udd47 Peluquer\u00eda de caballeros y Barber\u00eda en Valencia\" \/>\n<meta property=\"og:description\" content=\"Peluquer\u00eda de caballeros y barber\u00eda, un lugar donde sentirse bien, atendido, y de donde salga con una imagen renovada y sobre todo cuidada al detalle\" \/>\n<meta property=\"og:url\" content=\"https:\/\/www.riveiro1980.com\/\" \/>\n<meta property=\"og:site_name\" content=\"Riveiro 1980\" \/>\n<meta property=\"article:modified_time\" content=\"2020-06-02T16:21:20+00:00\" \/>\n<meta name=\"twitter:card\" content=\"summary_large_image\" \/>\n<meta name=\"twitter:label1\" content=\"Tiempo de lectura\">\n\t<meta name=\"twitter:data1\" content=\"1 minuto\">\n<script type=\"application\/ld+json\" class=\"yoast-schema-graph\">{\"@context\":\"https:\/\/schema.org\",\"@graph\":[{\"@type\":[\"Person\",\"Organization\"],\"@id\":\"https:\/\/www.riveiro1980.com\/#\/schema\/person\/9790ca94c2d1b180395d23e735e6684c\",\"name\":\"admin\",\"image\":{\"@type\":\"ImageObject\",\"@id\":\"https:\/\/www.riveiro1980.com\/#personlogo\",\"inLanguage\":\"es\",\"url\":\"https:\/\/www.riveiro1980.com\/wp-content\/litespeed\/avatar\/fd07d3280eb24f6947597c07e58f52d7.jpg?ver=1778403204\",\"caption\":\"admin\"},\"logo\":{\"@id\":\"https:\/\/www.riveiro1980.com\/#personlogo\"},\"sameAs\":[\"https:\/\/www.riveiro1980.com\"]},{\"@type\":\"WebSite\",\"@id\":\"https:\/\/www.riveiro1980.com\/#website\",\"url\":\"https:\/\/www.riveiro1980.com\/\",\"name\":\"Riveiro1980\",\"description\":\"Peluquer&iacute;a y Barber&iacute;a\",\"publisher\":{\"@id\":\"https:\/\/www.riveiro1980.com\/#\/schema\/person\/9790ca94c2d1b180395d23e735e6684c\"},\"potentialAction\":[{\"@type\":\"SearchAction\",\"target\":\"https:\/\/www.riveiro1980.com\/?s={search_term_string}\",\"query-input\":\"required name=search_term_string\"}],\"inLanguage\":\"es\"},{\"@type\":\"WebPage\",\"@id\":\"https:\/\/www.riveiro1980.com\/#webpage\",\"url\":\"https:\/\/www.riveiro1980.com\/\",\"name\":\"Inicio - Riveiro 1980 \\ud83e\\udd47 Peluquer\\u00eda de caballeros y Barber\\u00eda en Valencia\",\"isPartOf\":{\"@id\":\"https:\/\/www.riveiro1980.com\/#website\"},\"datePublished\":\"2020-04-25T09:00:15+00:00\",\"dateModified\":\"2020-06-02T16:21:20+00:00\",\"description\":\"Peluquer\\u00eda de caballeros y barber\\u00eda, un lugar donde sentirse bien, atendido, y de donde salga con una imagen renovada y sobre todo cuidada al detalle\",\"breadcrumb\":{\"@id\":\"https:\/\/www.riveiro1980.com\/#breadcrumb\"},\"inLanguage\":\"es\",\"potentialAction\":[{\"@type\":\"ReadAction\",\"target\":[\"https:\/\/www.riveiro1980.com\/\"]}]},{\"@type\":\"BreadcrumbList\",\"@id\":\"https:\/\/www.riveiro1980.com\/#breadcrumb\",\"itemListElement\":[{\"@type\":\"ListItem\",\"position\":1,\"item\":{\"@type\":\"WebPage\",\"@id\":\"https:\/\/www.riveiro1980.com\/\",\"url\":\"https:\/\/www.riveiro1980.com\/\",\"name\":\"Portada\"}},{\"@type\":\"ListItem\",\"position\":2,\"item\":{\"@type\":\"WebPage\",\"@id\":\"https:\/\/www.riveiro1980.com\/\",\"url\":\"https:\/\/www.riveiro1980.com\/\",\"name\":\"Inicio\"}}]}]}<\/script>\n<!-- \/ Yoast SEO plugin. -->","_links":{"self":[{"href":"https:\/\/www.riveiro1980.com\/index.php\/wp-json\/wp\/v2\/pages\/78"}],"collection":[{"href":"https:\/\/www.riveiro1980.com\/index.php\/wp-json\/wp\/v2\/pages"}],"about":[{"href":"https:\/\/www.riveiro1980.com\/index.php\/wp-json\/wp\/v2\/types\/page"}],"author":[{"embeddable":true,"href":"https:\/\/www.riveiro1980.com\/index.php\/wp-json\/wp\/v2\/users\/1"}],"replies":[{"embeddable":true,"href":"https:\/\/www.riveiro1980.com\/index.php\/wp-json\/wp\/v2\/comments?post=78"}],"version-history":[{"count":16,"href":"https:\/\/www.riveiro1980.com\/index.php\/wp-json\/wp\/v2\/pages\/78\/revisions"}],"predecessor-version":[{"id":292,"href":"https:\/\/www.riveiro1980.com\/index.php\/wp-json\/wp\/v2\/pages\/78\/revisions\/292"}],"wp:attachment":[{"href":"https:\/\/www.riveiro1980.com\/index.php\/wp-json\/wp\/v2\/media?parent=78"}],"curies":[{"name":"wp","href":"https:\/\/api.w.org\/{rel}","templated":true}]}}