{"id":55,"date":"2020-04-25T08:53:14","date_gmt":"2020-04-25T08:53:14","guid":{"rendered":"https:\/\/www.riveiro1980.com\/?page_id=55"},"modified":"2020-04-26T16:46:57","modified_gmt":"2020-04-26T16:46:57","slug":"corte-y-peinado","status":"publish","type":"page","link":"https:\/\/www.riveiro1980.com\/index.php\/corte-y-peinado\/","title":{"rendered":"Corte y Peinado"},"content":{"rendered":"\n<figure class=\"wp-block-image size-large is-resized is-style-rounded\"><img loading=\"lazy\" src=\"https:\/\/www.riveiro1980.com\/wp-content\/uploads\/2020\/04\/CORTE-Y-PEINADO-3.png\" alt=\"\" class=\"wp-image-213\" width=\"348\" height=\"341\"\/><\/figure>\n\n\n\n<p>Lo importante es que te sientes en nuestro sill\u00f3n y nos digas qu\u00e9 necesitas. \u00a1Del resto nos encargamos nosotros! <\/p>\n\n\n\n<p>Nos adaptamos a tus necesidades. Con nuestros cortes sentir\u00e1s que sales muy satisfecho de la peluquer\u00eda pero adem\u00e1s tu cabello crecer\u00e1 con una forma bonita, tal y como t\u00fa quer\u00edas. <\/p>\n\n\n\n<p>Pero dejemos tanta palabrer\u00eda y compru\u00e9balo t\u00fa mismo. <a rel=\"noreferrer noopener\" href=\"https:\/\/www.riveiro1980.com\/index.php\/reserva-de-citas\/\" target=\"_blank\">\u00a1Coge tu cita!<\/a><\/p>\n<!-- AddThis Advanced Settings generic via filter on the_content --><!-- AddThis Share Buttons generic via filter on the_content -->","protected":false},"excerpt":{"rendered":"<p>Lo importante es que te sientes en nuestro sill\u00f3n y nos digas qu\u00e9 necesitas. \u00a1Del resto nos encargamos nosotros! Nos adaptamos a tus necesidades. Con nuestros cortes sentir\u00e1s que sales muy satisfecho de la peluquer\u00eda pero adem\u00e1s tu cabello crecer\u00e1 con una forma bonita, tal y como t\u00fa quer\u00edas. Pero dejemos tanta palabrer\u00eda y compru\u00e9balo &hellip; <\/p>\n<p class=\"link-more\"><a href=\"https:\/\/www.riveiro1980.com\/index.php\/corte-y-peinado\/\" class=\"more-link\">Continuar leyendo<span class=\"screen-reader-text\"> \u00abCorte y Peinado\u00bb<\/span><\/a><\/p>\n<p><!-- AddThis Advanced Settings generic via filter on get_the_excerpt --><!-- AddThis Share Buttons generic via filter on get_the_excerpt --><\/p>\n","protected":false},"author":1,"featured_media":0,"parent":0,"menu_order":0,"comment_status":"closed","ping_status":"closed","template":"","meta":[],"yoast_head":"<!-- This site is optimized with the Yoast SEO plugin v15.9 - https:\/\/yoast.com\/wordpress\/plugins\/seo\/ -->\n<title>Corte y Peinado - Riveiro 1980<\/title>\n<meta name=\"description\" content=\"Lo importante es que te sientes en nuestro sill\u00f3n y nos digas que necesitas. \u00a1Del resto nos encargamos nosotros!\" \/>\n<meta name=\"robots\" content=\"index, follow, max-snippet:-1, max-image-preview:large, max-video-preview:-1\" \/>\n<link rel=\"canonical\" href=\"https:\/\/www.riveiro1980.com\/index.php\/corte-y-peinado\/\" \/>\n<meta property=\"og:locale\" content=\"es_ES\" \/>\n<meta property=\"og:type\" content=\"article\" \/>\n<meta property=\"og:title\" content=\"Corte y Peinado - Riveiro 1980\" \/>\n<meta property=\"og:description\" content=\"Lo importante es que te sientes en nuestro sill\u00f3n y nos digas que necesitas. \u00a1Del resto nos encargamos nosotros!\" \/>\n<meta property=\"og:url\" content=\"https:\/\/www.riveiro1980.com\/index.php\/corte-y-peinado\/\" \/>\n<meta property=\"og:site_name\" content=\"Riveiro 1980\" \/>\n<meta property=\"article:modified_time\" content=\"2020-04-26T16:46:57+00:00\" \/>\n<meta property=\"og:image\" content=\"https:\/\/www.riveiro1980.com\/wp-content\/uploads\/2020\/04\/CORTE-Y-PEINADO-3.png\" \/>\n<meta name=\"twitter:card\" content=\"summary_large_image\" \/>\n<script type=\"application\/ld+json\" class=\"yoast-schema-graph\">{\"@context\":\"https:\/\/schema.org\",\"@graph\":[{\"@type\":[\"Person\",\"Organization\"],\"@id\":\"https:\/\/www.riveiro1980.com\/#\/schema\/person\/9790ca94c2d1b180395d23e735e6684c\",\"name\":\"admin\",\"image\":{\"@type\":\"ImageObject\",\"@id\":\"https:\/\/www.riveiro1980.com\/#personlogo\",\"inLanguage\":\"es\",\"url\":\"https:\/\/www.riveiro1980.com\/wp-content\/litespeed\/avatar\/fd07d3280eb24f6947597c07e58f52d7.jpg?ver=1778403204\",\"caption\":\"admin\"},\"logo\":{\"@id\":\"https:\/\/www.riveiro1980.com\/#personlogo\"},\"sameAs\":[\"https:\/\/www.riveiro1980.com\"]},{\"@type\":\"WebSite\",\"@id\":\"https:\/\/www.riveiro1980.com\/#website\",\"url\":\"https:\/\/www.riveiro1980.com\/\",\"name\":\"Riveiro1980\",\"description\":\"Peluquer&iacute;a y Barber&iacute;a\",\"publisher\":{\"@id\":\"https:\/\/www.riveiro1980.com\/#\/schema\/person\/9790ca94c2d1b180395d23e735e6684c\"},\"potentialAction\":[{\"@type\":\"SearchAction\",\"target\":\"https:\/\/www.riveiro1980.com\/?s={search_term_string}\",\"query-input\":\"required name=search_term_string\"}],\"inLanguage\":\"es\"},{\"@type\":\"ImageObject\",\"@id\":\"https:\/\/www.riveiro1980.com\/index.php\/corte-y-peinado\/#primaryimage\",\"inLanguage\":\"es\",\"url\":\"https:\/\/www.riveiro1980.com\/wp-content\/uploads\/2020\/04\/CORTE-Y-PEINADO-3.png\",\"width\":463,\"height\":409},{\"@type\":\"WebPage\",\"@id\":\"https:\/\/www.riveiro1980.com\/index.php\/corte-y-peinado\/#webpage\",\"url\":\"https:\/\/www.riveiro1980.com\/index.php\/corte-y-peinado\/\",\"name\":\"Corte y Peinado - Riveiro 1980\",\"isPartOf\":{\"@id\":\"https:\/\/www.riveiro1980.com\/#website\"},\"primaryImageOfPage\":{\"@id\":\"https:\/\/www.riveiro1980.com\/index.php\/corte-y-peinado\/#primaryimage\"},\"datePublished\":\"2020-04-25T08:53:14+00:00\",\"dateModified\":\"2020-04-26T16:46:57+00:00\",\"description\":\"Lo importante es que te sientes en nuestro sill\\u00f3n y nos digas que necesitas. \\u00a1Del resto nos encargamos nosotros!\",\"breadcrumb\":{\"@id\":\"https:\/\/www.riveiro1980.com\/index.php\/corte-y-peinado\/#breadcrumb\"},\"inLanguage\":\"es\",\"potentialAction\":[{\"@type\":\"ReadAction\",\"target\":[\"https:\/\/www.riveiro1980.com\/index.php\/corte-y-peinado\/\"]}]},{\"@type\":\"BreadcrumbList\",\"@id\":\"https:\/\/www.riveiro1980.com\/index.php\/corte-y-peinado\/#breadcrumb\",\"itemListElement\":[{\"@type\":\"ListItem\",\"position\":1,\"item\":{\"@type\":\"WebPage\",\"@id\":\"https:\/\/www.riveiro1980.com\/\",\"url\":\"https:\/\/www.riveiro1980.com\/\",\"name\":\"Portada\"}},{\"@type\":\"ListItem\",\"position\":2,\"item\":{\"@type\":\"WebPage\",\"@id\":\"https:\/\/www.riveiro1980.com\/index.php\/corte-y-peinado\/\",\"url\":\"https:\/\/www.riveiro1980.com\/index.php\/corte-y-peinado\/\",\"name\":\"Corte y Peinado\"}}]}]}<\/script>\n<!-- \/ Yoast SEO plugin. -->","_links":{"self":[{"href":"https:\/\/www.riveiro1980.com\/index.php\/wp-json\/wp\/v2\/pages\/55"}],"collection":[{"href":"https:\/\/www.riveiro1980.com\/index.php\/wp-json\/wp\/v2\/pages"}],"about":[{"href":"https:\/\/www.riveiro1980.com\/index.php\/wp-json\/wp\/v2\/types\/page"}],"author":[{"embeddable":true,"href":"https:\/\/www.riveiro1980.com\/index.php\/wp-json\/wp\/v2\/users\/1"}],"replies":[{"embeddable":true,"href":"https:\/\/www.riveiro1980.com\/index.php\/wp-json\/wp\/v2\/comments?post=55"}],"version-history":[{"count":3,"href":"https:\/\/www.riveiro1980.com\/index.php\/wp-json\/wp\/v2\/pages\/55\/revisions"}],"predecessor-version":[{"id":253,"href":"https:\/\/www.riveiro1980.com\/index.php\/wp-json\/wp\/v2\/pages\/55\/revisions\/253"}],"wp:attachment":[{"href":"https:\/\/www.riveiro1980.com\/index.php\/wp-json\/wp\/v2\/media?parent=55"}],"curies":[{"name":"wp","href":"https:\/\/api.w.org\/{rel}","templated":true}]}}