{"id":54,"date":"2020-04-25T08:53:14","date_gmt":"2020-04-25T08:53:14","guid":{"rendered":"https:\/\/www.riveiro1980.com\/?page_id=54"},"modified":"2023-05-16T06:24:22","modified_gmt":"2023-05-16T06:24:22","slug":"reservar-cita","status":"publish","type":"page","link":"https:\/\/www.riveiro1980.com\/index.php\/reservar-cita\/","title":{"rendered":"Reserva de Citas"},"content":{"rendered":"\t\t<div data-elementor-type=\"wp-page\" data-elementor-id=\"54\" class=\"elementor elementor-54\" data-elementor-settings=\"[]\">\n\t\t\t\t\t\t<div class=\"elementor-inner\">\n\t\t\t\t\t\t\t<div class=\"elementor-section-wrap\">\n\t\t\t\t\t\t\t<section class=\"elementor-section elementor-top-section elementor-element elementor-element-7a35b0c elementor-section-boxed elementor-section-height-default elementor-section-height-default\" data-id=\"7a35b0c\" data-element_type=\"section\">\n\t\t\t\t\t\t<div class=\"elementor-container elementor-column-gap-default\">\n\t\t\t\t\t\t\t<div class=\"elementor-row\">\n\t\t\t\t\t<div class=\"elementor-column elementor-col-100 elementor-top-column elementor-element elementor-element-4557b77\" data-id=\"4557b77\" data-element_type=\"column\">\n\t\t\t<div class=\"elementor-column-wrap elementor-element-populated\">\n\t\t\t\t\t\t\t<div class=\"elementor-widget-wrap\">\n\t\t\t\t\t\t<div class=\"elementor-element elementor-element-86252b7 elementor-widget elementor-widget-heading\" data-id=\"86252b7\" data-element_type=\"widget\" data-widget_type=\"heading.default\">\n\t\t\t\t<div class=\"elementor-widget-container\">\n\t\t\t<h2 class=\"elementor-heading-title elementor-size-medium\">\u00a1Reserva tu cita!<\/h2>\t\t<\/div>\n\t\t\t\t<\/div>\n\t\t\t\t\t\t<\/div>\n\t\t\t\t\t<\/div>\n\t\t<\/div>\n\t\t\t\t\t\t\t\t<\/div>\n\t\t\t\t\t<\/div>\n\t\t<\/section>\n\t\t\t\t<section class=\"elementor-section elementor-top-section elementor-element elementor-element-7122bd0c elementor-section-boxed elementor-section-height-default elementor-section-height-default\" data-id=\"7122bd0c\" data-element_type=\"section\">\n\t\t\t\t\t\t<div class=\"elementor-container elementor-column-gap-default\">\n\t\t\t\t\t\t\t<div class=\"elementor-row\">\n\t\t\t\t\t<div class=\"elementor-column elementor-col-100 elementor-top-column elementor-element elementor-element-2e01adce\" data-id=\"2e01adce\" data-element_type=\"column\">\n\t\t\t<div class=\"elementor-column-wrap elementor-element-populated\">\n\t\t\t\t\t\t\t<div class=\"elementor-widget-wrap\">\n\t\t\t\t\t\t<div class=\"elementor-element elementor-element-04a6e90 elementor-widget elementor-widget-button\" data-id=\"04a6e90\" data-element_type=\"widget\" data-widget_type=\"button.default\">\n\t\t\t\t<div class=\"elementor-widget-container\">\n\t\t\t\t\t<div class=\"elementor-button-wrapper\">\n\t\t\t<a href=\"https:\/\/reservas.koibox.cloud\/#\/centro\/riveiro-1980\" target=\"_blank\" class=\"elementor-button-link elementor-button elementor-size-sm\" role=\"button\" id=\"cita\">\n\t\t\t\t\t\t<span class=\"elementor-button-content-wrapper\">\n\t\t\t\t\t\t<span class=\"elementor-button-icon elementor-align-icon-left\">\n\t\t\t\t<i aria-hidden=\"true\" class=\"far fa-calendar-alt\"><\/i>\t\t\t<\/span>\n\t\t\t\t\t\t<span class=\"elementor-button-text\">Cita Previa<\/span>\n\t\t<\/span>\n\t\t\t\t\t<\/a>\n\t\t<\/div>\n\t\t\t\t<\/div>\n\t\t\t\t<\/div>\n\t\t\t\t<div class=\"elementor-element elementor-element-38778573 elementor-widget elementor-widget-text-editor\" data-id=\"38778573\" data-element_type=\"widget\" data-widget_type=\"text-editor.default\">\n\t\t\t\t<div class=\"elementor-widget-container\">\n\t\t\t\t\t\t\t\t<div class=\"elementor-text-editor elementor-clearfix\">\n\t\t\t\t<p><!-- wp:paragraph --><\/p>\n<p>Reservar cita online es lo m\u00e1s pr\u00e1ctico y encillo. A la hora que quieras, sin llamadas, eligiendo el horario que mejor te venga. \u00a1Haz click en el bot\u00f3n \u00abReserva tu cita\u00bb, \u00a1pru\u00e9balo!\u00a0<\/p>\n<p><!-- \/wp:paragraph --><\/p>\n<p><!-- wp:paragraph --><\/p>\n<p>Si prefieres atenci\u00f3n telef\u00f3nica, este es nuestro tel\u00e9fono\u00a0<a href=\"https:\/\/www.riveiro1980.com\/index.php\/contacto\/\" target=\"_blank\" rel=\"noopener\">96 273 15 98<\/a>\u00a0o tambi\u00e9n puedes hacerlo desde\u00a0<a style=\"background-color: #ffffff; font-size: 1rem;\" href=\"https:\/\/www.instagram.com\/riveiro1980\/?hl=es\" target=\"_blank\" rel=\"noopener\">redes sociales\u00a0<\/a><\/p>\n<p>Trabajamos mediante cita previa y te aconsejamos hacerlo siempre con unos d\u00edas de antelaci\u00f3n.<\/p>\n<p><!-- \/wp:paragraph --><\/p>\n<p><!-- wp:paragraph --><\/p>\n<p>Gracias siempre por vuestra confianza. \u00a1Nos vemos pronto!\u00a0<\/p>\n<p><!-- \/wp:paragraph --><\/p>\t\t\t\t\t<\/div>\n\t\t\t\t\t\t<\/div>\n\t\t\t\t<\/div>\n\t\t\t\t\t\t<\/div>\n\t\t\t\t\t<\/div>\n\t\t<\/div>\n\t\t\t\t\t\t\t\t<\/div>\n\t\t\t\t\t<\/div>\n\t\t<\/section>\n\t\t\t\t\t\t<\/div>\n\t\t\t\t\t\t<\/div>\n\t\t\t\t\t<\/div>\n\t\t<!-- AddThis Advanced Settings generic via filter on the_content --><!-- AddThis Share Buttons generic via filter on the_content -->","protected":false},"excerpt":{"rendered":"<p>\u00a1Reserva tu cita! Cita Previa Reservar cita online es lo m\u00e1s pr\u00e1ctico y encillo. A la hora que quieras, sin llamadas, eligiendo el horario que mejor te venga. \u00a1Haz click en el bot\u00f3n \u00abReserva tu cita\u00bb, \u00a1pru\u00e9balo!\u00a0 Si prefieres atenci\u00f3n telef\u00f3nica, este es nuestro tel\u00e9fono\u00a096 273 15 98\u00a0o tambi\u00e9n puedes hacerlo desde\u00a0redes sociales\u00a0 Trabajamos mediante &hellip; <\/p>\n<p class=\"link-more\"><a href=\"https:\/\/www.riveiro1980.com\/index.php\/reservar-cita\/\" class=\"more-link\">Continuar leyendo<span class=\"screen-reader-text\"> \u00abReserva de Citas\u00bb<\/span><\/a><\/p>\n<p><!-- AddThis Advanced Settings generic via filter on get_the_excerpt --><!-- AddThis Share Buttons generic via filter on get_the_excerpt --><\/p>\n","protected":false},"author":1,"featured_media":0,"parent":0,"menu_order":0,"comment_status":"closed","ping_status":"closed","template":"","meta":[],"yoast_head":"<!-- This site is optimized with the Yoast SEO plugin v15.9 - https:\/\/yoast.com\/wordpress\/plugins\/seo\/ -->\n<title>Reserva de Citas - Riveiro 1980 Reservar cita previa Barber\u00eda<\/title>\n<meta name=\"description\" content=\"Reservar cita online es muy sencillo. Sin llamadas, eligiendo el horario que mejor te venga. \u00a1Haz click en el bot\u00f3n &quot;Reserva tu cita&quot;, \u00a1es muy sencillo!\" \/>\n<meta name=\"robots\" content=\"index, follow, max-snippet:-1, max-image-preview:large, max-video-preview:-1\" \/>\n<link rel=\"canonical\" href=\"https:\/\/www.riveiro1980.com\/index.php\/reservar-cita\/\" \/>\n<meta property=\"og:locale\" content=\"es_ES\" \/>\n<meta property=\"og:type\" content=\"article\" \/>\n<meta property=\"og:title\" content=\"Reserva de Citas - Riveiro 1980 Reservar cita previa Barber\u00eda\" \/>\n<meta property=\"og:description\" content=\"Reservar cita online es muy sencillo. Sin llamadas, eligiendo el horario que mejor te venga. \u00a1Haz click en el bot\u00f3n &quot;Reserva tu cita&quot;, \u00a1es muy sencillo!\" \/>\n<meta property=\"og:url\" content=\"https:\/\/www.riveiro1980.com\/index.php\/reservar-cita\/\" \/>\n<meta property=\"og:site_name\" content=\"Riveiro 1980\" \/>\n<meta property=\"article:modified_time\" content=\"2023-05-16T06:24:22+00:00\" \/>\n<meta name=\"twitter:card\" content=\"summary_large_image\" \/>\n<meta name=\"twitter:label1\" content=\"Tiempo de lectura\">\n\t<meta name=\"twitter:data1\" content=\"1 minuto\">\n<script type=\"application\/ld+json\" class=\"yoast-schema-graph\">{\"@context\":\"https:\/\/schema.org\",\"@graph\":[{\"@type\":[\"Person\",\"Organization\"],\"@id\":\"https:\/\/www.riveiro1980.com\/#\/schema\/person\/9790ca94c2d1b180395d23e735e6684c\",\"name\":\"admin\",\"image\":{\"@type\":\"ImageObject\",\"@id\":\"https:\/\/www.riveiro1980.com\/#personlogo\",\"inLanguage\":\"es\",\"url\":\"https:\/\/www.riveiro1980.com\/wp-content\/litespeed\/avatar\/fd07d3280eb24f6947597c07e58f52d7.jpg?ver=1778403204\",\"caption\":\"admin\"},\"logo\":{\"@id\":\"https:\/\/www.riveiro1980.com\/#personlogo\"},\"sameAs\":[\"https:\/\/www.riveiro1980.com\"]},{\"@type\":\"WebSite\",\"@id\":\"https:\/\/www.riveiro1980.com\/#website\",\"url\":\"https:\/\/www.riveiro1980.com\/\",\"name\":\"Riveiro1980\",\"description\":\"Peluquer&iacute;a y Barber&iacute;a\",\"publisher\":{\"@id\":\"https:\/\/www.riveiro1980.com\/#\/schema\/person\/9790ca94c2d1b180395d23e735e6684c\"},\"potentialAction\":[{\"@type\":\"SearchAction\",\"target\":\"https:\/\/www.riveiro1980.com\/?s={search_term_string}\",\"query-input\":\"required name=search_term_string\"}],\"inLanguage\":\"es\"},{\"@type\":\"WebPage\",\"@id\":\"https:\/\/www.riveiro1980.com\/index.php\/reservar-cita\/#webpage\",\"url\":\"https:\/\/www.riveiro1980.com\/index.php\/reservar-cita\/\",\"name\":\"Reserva de Citas - Riveiro 1980 Reservar cita previa Barber\\u00eda\",\"isPartOf\":{\"@id\":\"https:\/\/www.riveiro1980.com\/#website\"},\"datePublished\":\"2020-04-25T08:53:14+00:00\",\"dateModified\":\"2023-05-16T06:24:22+00:00\",\"description\":\"Reservar cita online es muy sencillo. Sin llamadas, eligiendo el horario que mejor te venga. \\u00a1Haz click en el bot\\u00f3n \\\"Reserva tu cita\\\", \\u00a1es muy sencillo!\",\"breadcrumb\":{\"@id\":\"https:\/\/www.riveiro1980.com\/index.php\/reservar-cita\/#breadcrumb\"},\"inLanguage\":\"es\",\"potentialAction\":[{\"@type\":\"ReadAction\",\"target\":[\"https:\/\/www.riveiro1980.com\/index.php\/reservar-cita\/\"]}]},{\"@type\":\"BreadcrumbList\",\"@id\":\"https:\/\/www.riveiro1980.com\/index.php\/reservar-cita\/#breadcrumb\",\"itemListElement\":[{\"@type\":\"ListItem\",\"position\":1,\"item\":{\"@type\":\"WebPage\",\"@id\":\"https:\/\/www.riveiro1980.com\/\",\"url\":\"https:\/\/www.riveiro1980.com\/\",\"name\":\"Portada\"}},{\"@type\":\"ListItem\",\"position\":2,\"item\":{\"@type\":\"WebPage\",\"@id\":\"https:\/\/www.riveiro1980.com\/index.php\/reservar-cita\/\",\"url\":\"https:\/\/www.riveiro1980.com\/index.php\/reservar-cita\/\",\"name\":\"Reserva de Citas\"}}]}]}<\/script>\n<!-- \/ Yoast SEO plugin. -->","_links":{"self":[{"href":"https:\/\/www.riveiro1980.com\/index.php\/wp-json\/wp\/v2\/pages\/54"}],"collection":[{"href":"https:\/\/www.riveiro1980.com\/index.php\/wp-json\/wp\/v2\/pages"}],"about":[{"href":"https:\/\/www.riveiro1980.com\/index.php\/wp-json\/wp\/v2\/types\/page"}],"author":[{"embeddable":true,"href":"https:\/\/www.riveiro1980.com\/index.php\/wp-json\/wp\/v2\/users\/1"}],"replies":[{"embeddable":true,"href":"https:\/\/www.riveiro1980.com\/index.php\/wp-json\/wp\/v2\/comments?post=54"}],"version-history":[{"count":47,"href":"https:\/\/www.riveiro1980.com\/index.php\/wp-json\/wp\/v2\/pages\/54\/revisions"}],"predecessor-version":[{"id":356,"href":"https:\/\/www.riveiro1980.com\/index.php\/wp-json\/wp\/v2\/pages\/54\/revisions\/356"}],"wp:attachment":[{"href":"https:\/\/www.riveiro1980.com\/index.php\/wp-json\/wp\/v2\/media?parent=54"}],"curies":[{"name":"wp","href":"https:\/\/api.w.org\/{rel}","templated":true}]}}