{"id":40,"date":"2020-04-25T08:23:52","date_gmt":"2020-04-25T08:23:52","guid":{"rendered":"https:\/\/www.riveiro1980.com\/?page_id=40"},"modified":"2020-04-26T15:40:05","modified_gmt":"2020-04-26T15:40:05","slug":"servicios","status":"publish","type":"page","link":"https:\/\/www.riveiro1980.com\/index.php\/servicios\/","title":{"rendered":"Servicios"},"content":{"rendered":"\n<p>Ven a conocernos y a disfrutar con nuestros servicios para hombres y ni\u00f1os.<\/p>\n\n\n\n<p>Te ofrecemos una amplia gama de servicios como pueden ser <a rel=\"noreferrer noopener\" href=\"https:\/\/www.riveiro1980.com\/index.php\/corte-y-peinado\/\" target=\"_blank\">Corte y peinado<\/a>, cortes para <a rel=\"noreferrer noopener\" href=\"https:\/\/www.riveiro1980.com\/index.php\/corte-para-ninos\/\" target=\"_blank\">ni\u00f1os<\/a>, <a rel=\"noreferrer noopener\" href=\"https:\/\/www.riveiro1980.com\/index.php\/afeitado-tradicional\/\" target=\"_blank\">afeitado<\/a> de barba tradicional, <a rel=\"noreferrer noopener\" href=\"https:\/\/www.riveiro1980.com\/index.php\/arreglo-de-barba\/\" target=\"_blank\">arreglo de barba<\/a> con navaja, a m\u00e1quina o a tijera. Rel\u00e1jate y olvida el estr\u00e9s en el lava cabezas mientras te realizamos un masaje capilar, tratamientos anti-ca\u00edda, anti-caspa, desrizantes, <a rel=\"noreferrer noopener\" href=\"https:\/\/www.riveiro1980.com\/index.php\/color\/\" target=\"_blank\">color<\/a> y m\u00e1s. <\/p>\n\n\n\n<p>Adem\u00e1s de todo esto, cuidaremos tu cabello al m\u00e1ximo con nuestra gama de productos natural <a href=\"https:\/\/www.rebelprofesional.es\/\" target=\"_blank\" rel=\"noreferrer noopener\">Rebel Profesional.<\/a> \u00bfA\u00fan no la conoces? \u00a1Entra en nuestra secci\u00f3n de <a href=\"https:\/\/www.riveiro1980.com\/index.php\/productos\/\" target=\"_blank\" rel=\"noreferrer noopener\">productos<\/a>!<\/p>\n\n\n\n<p><\/p>\n<!-- AddThis Advanced Settings generic via filter on the_content --><!-- AddThis Share Buttons generic via filter on the_content -->","protected":false},"excerpt":{"rendered":"<p>Ven a conocernos y a disfrutar con nuestros servicios para hombres y ni\u00f1os. Te ofrecemos una amplia gama de servicios como pueden ser Corte y peinado, cortes para ni\u00f1os, afeitado de barba tradicional, arreglo de barba con navaja, a m\u00e1quina o a tijera. Rel\u00e1jate y olvida el estr\u00e9s en el lava cabezas mientras te realizamos &hellip; <\/p>\n<p class=\"link-more\"><a href=\"https:\/\/www.riveiro1980.com\/index.php\/servicios\/\" class=\"more-link\">Continuar leyendo<span class=\"screen-reader-text\"> \u00abServicios\u00bb<\/span><\/a><\/p>\n<p><!-- AddThis Advanced Settings generic via filter on get_the_excerpt --><!-- AddThis Share Buttons generic via filter on get_the_excerpt --><\/p>\n","protected":false},"author":1,"featured_media":96,"parent":0,"menu_order":0,"comment_status":"closed","ping_status":"closed","template":"","meta":[],"yoast_head":"<!-- This site is optimized with the Yoast SEO plugin v15.9 - https:\/\/yoast.com\/wordpress\/plugins\/seo\/ -->\n<title>Servicios Servicios - Riveiro 1980 Servicios de nuestra peluquer\u00eda barber\u00eda<\/title>\n<meta name=\"description\" content=\"Disfruta con nuestros servicios para hombres y ni\u00f1os. Cuidaremos tu cabello al m\u00e1ximo con nuestra gama de productos natural Rebel Profesional.\" \/>\n<meta name=\"robots\" content=\"index, follow, max-snippet:-1, max-image-preview:large, max-video-preview:-1\" \/>\n<link rel=\"canonical\" href=\"https:\/\/www.riveiro1980.com\/index.php\/servicios\/\" \/>\n<meta property=\"og:locale\" content=\"es_ES\" \/>\n<meta property=\"og:type\" content=\"article\" \/>\n<meta property=\"og:title\" content=\"Servicios Servicios - Riveiro 1980 Servicios de nuestra peluquer\u00eda barber\u00eda\" \/>\n<meta property=\"og:description\" content=\"Disfruta con nuestros servicios para hombres y ni\u00f1os. Cuidaremos tu cabello al m\u00e1ximo con nuestra gama de productos natural Rebel Profesional.\" \/>\n<meta property=\"og:url\" content=\"https:\/\/www.riveiro1980.com\/index.php\/servicios\/\" \/>\n<meta property=\"og:site_name\" content=\"Riveiro 1980\" \/>\n<meta property=\"article:modified_time\" content=\"2020-04-26T15:40:05+00:00\" \/>\n<meta property=\"og:image\" content=\"https:\/\/www.riveiro1980.com\/wp-content\/uploads\/2020\/04\/IMG_5264-scaled.jpg\" \/>\n\t<meta property=\"og:image:width\" content=\"2560\" \/>\n\t<meta property=\"og:image:height\" content=\"1920\" \/>\n<meta name=\"twitter:card\" content=\"summary_large_image\" \/>\n<meta name=\"twitter:label1\" content=\"Tiempo de lectura\">\n\t<meta name=\"twitter:data1\" content=\"1 minuto\">\n<script type=\"application\/ld+json\" class=\"yoast-schema-graph\">{\"@context\":\"https:\/\/schema.org\",\"@graph\":[{\"@type\":[\"Person\",\"Organization\"],\"@id\":\"https:\/\/www.riveiro1980.com\/#\/schema\/person\/9790ca94c2d1b180395d23e735e6684c\",\"name\":\"admin\",\"image\":{\"@type\":\"ImageObject\",\"@id\":\"https:\/\/www.riveiro1980.com\/#personlogo\",\"inLanguage\":\"es\",\"url\":\"https:\/\/www.riveiro1980.com\/wp-content\/litespeed\/avatar\/fd07d3280eb24f6947597c07e58f52d7.jpg?ver=1778403204\",\"caption\":\"admin\"},\"logo\":{\"@id\":\"https:\/\/www.riveiro1980.com\/#personlogo\"},\"sameAs\":[\"https:\/\/www.riveiro1980.com\"]},{\"@type\":\"WebSite\",\"@id\":\"https:\/\/www.riveiro1980.com\/#website\",\"url\":\"https:\/\/www.riveiro1980.com\/\",\"name\":\"Riveiro1980\",\"description\":\"Peluquer&iacute;a y Barber&iacute;a\",\"publisher\":{\"@id\":\"https:\/\/www.riveiro1980.com\/#\/schema\/person\/9790ca94c2d1b180395d23e735e6684c\"},\"potentialAction\":[{\"@type\":\"SearchAction\",\"target\":\"https:\/\/www.riveiro1980.com\/?s={search_term_string}\",\"query-input\":\"required name=search_term_string\"}],\"inLanguage\":\"es\"},{\"@type\":\"ImageObject\",\"@id\":\"https:\/\/www.riveiro1980.com\/index.php\/servicios\/#primaryimage\",\"inLanguage\":\"es\",\"url\":\"https:\/\/www.riveiro1980.com\/wp-content\/uploads\/2020\/04\/IMG_5264-scaled.jpg\",\"width\":2560,\"height\":1920,\"caption\":\"Servicios\"},{\"@type\":\"WebPage\",\"@id\":\"https:\/\/www.riveiro1980.com\/index.php\/servicios\/#webpage\",\"url\":\"https:\/\/www.riveiro1980.com\/index.php\/servicios\/\",\"name\":\"Servicios Servicios - Riveiro 1980 Servicios de nuestra peluquer\\u00eda barber\\u00eda\",\"isPartOf\":{\"@id\":\"https:\/\/www.riveiro1980.com\/#website\"},\"primaryImageOfPage\":{\"@id\":\"https:\/\/www.riveiro1980.com\/index.php\/servicios\/#primaryimage\"},\"datePublished\":\"2020-04-25T08:23:52+00:00\",\"dateModified\":\"2020-04-26T15:40:05+00:00\",\"description\":\"Disfruta con nuestros servicios para hombres y ni\\u00f1os. Cuidaremos tu cabello al m\\u00e1ximo con nuestra gama de productos natural Rebel Profesional.\",\"breadcrumb\":{\"@id\":\"https:\/\/www.riveiro1980.com\/index.php\/servicios\/#breadcrumb\"},\"inLanguage\":\"es\",\"potentialAction\":[{\"@type\":\"ReadAction\",\"target\":[\"https:\/\/www.riveiro1980.com\/index.php\/servicios\/\"]}]},{\"@type\":\"BreadcrumbList\",\"@id\":\"https:\/\/www.riveiro1980.com\/index.php\/servicios\/#breadcrumb\",\"itemListElement\":[{\"@type\":\"ListItem\",\"position\":1,\"item\":{\"@type\":\"WebPage\",\"@id\":\"https:\/\/www.riveiro1980.com\/\",\"url\":\"https:\/\/www.riveiro1980.com\/\",\"name\":\"Portada\"}},{\"@type\":\"ListItem\",\"position\":2,\"item\":{\"@type\":\"WebPage\",\"@id\":\"https:\/\/www.riveiro1980.com\/index.php\/servicios\/\",\"url\":\"https:\/\/www.riveiro1980.com\/index.php\/servicios\/\",\"name\":\"Servicios\"}}]}]}<\/script>\n<!-- \/ Yoast SEO plugin. -->","_links":{"self":[{"href":"https:\/\/www.riveiro1980.com\/index.php\/wp-json\/wp\/v2\/pages\/40"}],"collection":[{"href":"https:\/\/www.riveiro1980.com\/index.php\/wp-json\/wp\/v2\/pages"}],"about":[{"href":"https:\/\/www.riveiro1980.com\/index.php\/wp-json\/wp\/v2\/types\/page"}],"author":[{"embeddable":true,"href":"https:\/\/www.riveiro1980.com\/index.php\/wp-json\/wp\/v2\/users\/1"}],"replies":[{"embeddable":true,"href":"https:\/\/www.riveiro1980.com\/index.php\/wp-json\/wp\/v2\/comments?post=40"}],"version-history":[{"count":6,"href":"https:\/\/www.riveiro1980.com\/index.php\/wp-json\/wp\/v2\/pages\/40\/revisions"}],"predecessor-version":[{"id":197,"href":"https:\/\/www.riveiro1980.com\/index.php\/wp-json\/wp\/v2\/pages\/40\/revisions\/197"}],"wp:featuredmedia":[{"embeddable":true,"href":"https:\/\/www.riveiro1980.com\/index.php\/wp-json\/wp\/v2\/media\/96"}],"wp:attachment":[{"href":"https:\/\/www.riveiro1980.com\/index.php\/wp-json\/wp\/v2\/media?parent=40"}],"curies":[{"name":"wp","href":"https:\/\/api.w.org\/{rel}","templated":true}]}}