{"id":161,"date":"2020-04-25T16:14:34","date_gmt":"2020-04-25T16:14:34","guid":{"rendered":"https:\/\/www.riveiro1980.com\/?page_id=161"},"modified":"2020-04-25T21:22:56","modified_gmt":"2020-04-25T21:22:56","slug":"productos","status":"publish","type":"page","link":"https:\/\/www.riveiro1980.com\/index.php\/productos\/","title":{"rendered":"Productos"},"content":{"rendered":"\n<div class=\"wp-block-media-text alignwide is-stacked-on-mobile\"><figure class=\"wp-block-media-text__media\"><a href=\"https:\/\/www.rebelprofesional.es\/baseflex-spray-natural\"><img loading=\"lazy\" width=\"1024\" height=\"1024\" src=\"https:\/\/www.riveiro1980.com\/wp-content\/uploads\/2020\/04\/PRODUCTOS-3-1024x1024.jpg\" alt=\"\" class=\"wp-image-222\" srcset=\"https:\/\/www.riveiro1980.com\/wp-content\/uploads\/2020\/04\/PRODUCTOS-3-1024x1024.jpg 1024w, https:\/\/www.riveiro1980.com\/wp-content\/uploads\/2020\/04\/PRODUCTOS-3-300x300.jpg 300w, https:\/\/www.riveiro1980.com\/wp-content\/uploads\/2020\/04\/PRODUCTOS-3-150x150.jpg 150w, https:\/\/www.riveiro1980.com\/wp-content\/uploads\/2020\/04\/PRODUCTOS-3-768x768.jpg 768w, https:\/\/www.riveiro1980.com\/wp-content\/uploads\/2020\/04\/PRODUCTOS-3-1536x1536.jpg 1536w, https:\/\/www.riveiro1980.com\/wp-content\/uploads\/2020\/04\/PRODUCTOS-3-2048x2048.jpg 2048w, https:\/\/www.riveiro1980.com\/wp-content\/uploads\/2020\/04\/PRODUCTOS-3-144x144.jpg 144w, https:\/\/www.riveiro1980.com\/wp-content\/uploads\/2020\/04\/PRODUCTOS-3-100x100.jpg 100w\" sizes=\"(max-width: 706px) 89vw, (max-width: 767px) 82vw, 740px\" \/><\/a><\/figure><div class=\"wp-block-media-text__content\">\n<p>Base de peinado. Acabado flexible. Sin residuo.<br>Consigue tu estilo aportando grosor y volumen al cabello.<br>Ingredientes naturales. Disponible en dos tama\u00f1os. 50ml y 250ml. <\/p>\n<\/div><\/div>\n\n\n\n<div class=\"wp-block-media-text alignwide has-media-on-the-right is-stacked-on-mobile\"><figure class=\"wp-block-media-text__media\"><img loading=\"lazy\" width=\"1024\" height=\"1024\" src=\"https:\/\/www.riveiro1980.com\/wp-content\/uploads\/2020\/04\/DureXtreme-250ml-1024x1024.jpg\" alt=\"\" class=\"wp-image-223\" srcset=\"https:\/\/www.riveiro1980.com\/wp-content\/uploads\/2020\/04\/DureXtreme-250ml-1024x1024.jpg 1024w, https:\/\/www.riveiro1980.com\/wp-content\/uploads\/2020\/04\/DureXtreme-250ml-300x300.jpg 300w, https:\/\/www.riveiro1980.com\/wp-content\/uploads\/2020\/04\/DureXtreme-250ml-150x150.jpg 150w, https:\/\/www.riveiro1980.com\/wp-content\/uploads\/2020\/04\/DureXtreme-250ml-768x768.jpg 768w, https:\/\/www.riveiro1980.com\/wp-content\/uploads\/2020\/04\/DureXtreme-250ml-1536x1536.jpg 1536w, https:\/\/www.riveiro1980.com\/wp-content\/uploads\/2020\/04\/DureXtreme-250ml-2048x2048.jpg 2048w, https:\/\/www.riveiro1980.com\/wp-content\/uploads\/2020\/04\/DureXtreme-250ml-144x144.jpg 144w, https:\/\/www.riveiro1980.com\/wp-content\/uploads\/2020\/04\/DureXtreme-250ml-100x100.jpg 100w\" sizes=\"(max-width: 706px) 89vw, (max-width: 767px) 82vw, 740px\" \/><\/figure><div class=\"wp-block-media-text__content\">\n<p>Endurecedor de acabado r\u00edgido.<br>Sin residuo<br>Ideal para peinados de larga duraci\u00f3n.<br>Ingredientes naturales. Disponible en dos tama\u00f1os. 50ml y 250ml.<\/p>\n<\/div><\/div>\n\n\n\n<div class=\"wp-block-media-text alignwide is-stacked-on-mobile\"><figure class=\"wp-block-media-text__media\"><a href=\"https:\/\/www.rebelprofesional.es\/texturizer-natural-mousse_1\" target=\"_blank\" rel=\"noopener noreferrer\"><img loading=\"lazy\" width=\"387\" height=\"356\" src=\"https:\/\/www.riveiro1980.com\/wp-content\/uploads\/2020\/04\/TEXTURIZER.png\" alt=\"\" class=\"wp-image-225\" srcset=\"https:\/\/www.riveiro1980.com\/wp-content\/uploads\/2020\/04\/TEXTURIZER.png 387w, https:\/\/www.riveiro1980.com\/wp-content\/uploads\/2020\/04\/TEXTURIZER-300x276.png 300w\" sizes=\"(max-width: 387px) 100vw, 387px\" \/><\/a><\/figure><div class=\"wp-block-media-text__content\">\n<p>Dirige tu cabello, nutri\u00e9ndole y d\u00e1ndole un aspecto informal.<br>Ingredientes naturales. Disponible en tres tama\u00f1os. 25ml, 50ml y 100ml. <\/p>\n<\/div><\/div>\n\n\n\n<p>Nuestros clientes ya est\u00e1n enamorados de esta l\u00ednea de productos. Nueva y natural.  Aqu\u00ed te mostramos tres de ellos pero su gama de productos para el cuidado del cabello es mucho m\u00e1s amplia. <\/p>\n\n\n\n<p>Adem\u00e1s cuanta con una l\u00ednea de champ\u00fas buen\u00edsima que puedes ver <a rel=\"noreferrer noopener\" href=\"https:\/\/www.rebelprofesional.es\/champus-naturales-y-profesionales\/\" target=\"_blank\">aqu\u00ed.<\/a> <\/p>\n\n\n\n<p>Preg\u00fantanos por ellos y te aconsejamos el que mejor se adapta a tus necesidades. Si puede ser nos vemos en persona, y si no, aqu\u00ed te dejamos el registro de usuarios para poder acceder a la web <a href=\"https:\/\/www.rebelprofesional.es\/formulario-de-registro\" target=\"_blank\" rel=\"noreferrer noopener\">Rebel Profesional<\/a>. <\/p>\n<!-- AddThis Advanced Settings generic via filter on the_content --><!-- AddThis Share Buttons generic via filter on the_content -->","protected":false},"excerpt":{"rendered":"<p>Base de peinado. Acabado flexible. Sin residuo.Consigue tu estilo aportando grosor y volumen al cabello.Ingredientes naturales. Disponible en dos tama\u00f1os. 50ml y 250ml. Endurecedor de acabado r\u00edgido.Sin residuoIdeal para peinados de larga duraci\u00f3n.Ingredientes naturales. Disponible en dos tama\u00f1os. 50ml y 250ml. Dirige tu cabello, nutri\u00e9ndole y d\u00e1ndole un aspecto informal.Ingredientes naturales. Disponible en tres tama\u00f1os. &hellip; <\/p>\n<p class=\"link-more\"><a href=\"https:\/\/www.riveiro1980.com\/index.php\/productos\/\" class=\"more-link\">Continuar leyendo<span class=\"screen-reader-text\"> \u00abProductos\u00bb<\/span><\/a><\/p>\n<p><!-- AddThis Advanced Settings generic via filter on get_the_excerpt --><!-- AddThis Share Buttons generic via filter on get_the_excerpt --><\/p>\n","protected":false},"author":1,"featured_media":0,"parent":0,"menu_order":0,"comment_status":"closed","ping_status":"closed","template":"","meta":[],"yoast_head":"<!-- This site is optimized with the Yoast SEO plugin v15.9 - https:\/\/yoast.com\/wordpress\/plugins\/seo\/ -->\n<title>Productos - Riveiro 1980<\/title>\n<meta name=\"robots\" content=\"index, follow, max-snippet:-1, max-image-preview:large, max-video-preview:-1\" \/>\n<link rel=\"canonical\" href=\"https:\/\/www.riveiro1980.com\/index.php\/productos\/\" \/>\n<meta property=\"og:locale\" content=\"es_ES\" \/>\n<meta property=\"og:type\" content=\"article\" \/>\n<meta property=\"og:title\" content=\"Productos - Riveiro 1980\" \/>\n<meta property=\"og:description\" content=\"Base de peinado. Acabado flexible. Sin residuo.Consigue tu estilo aportando grosor y volumen al cabello.Ingredientes naturales. Disponible en dos tama\u00f1os. 50ml y 250ml. Endurecedor de acabado r\u00edgido.Sin residuoIdeal para peinados de larga duraci\u00f3n.Ingredientes naturales. Disponible en dos tama\u00f1os. 50ml y 250ml. Dirige tu cabello, nutri\u00e9ndole y d\u00e1ndole un aspecto informal.Ingredientes naturales. Disponible en tres tama\u00f1os. &hellip; Continuar leyendo &quot;Productos&quot;\" \/>\n<meta property=\"og:url\" content=\"https:\/\/www.riveiro1980.com\/index.php\/productos\/\" \/>\n<meta property=\"og:site_name\" content=\"Riveiro 1980\" \/>\n<meta property=\"article:modified_time\" content=\"2020-04-25T21:22:56+00:00\" \/>\n<meta property=\"og:image\" content=\"https:\/\/www.riveiro1980.com\/wp-content\/uploads\/2020\/04\/PRODUCTOS-3-1024x1024.jpg\" \/>\n<meta name=\"twitter:card\" content=\"summary_large_image\" \/>\n<meta name=\"twitter:label1\" content=\"Tiempo de lectura\">\n\t<meta name=\"twitter:data1\" content=\"1 minuto\">\n<script type=\"application\/ld+json\" class=\"yoast-schema-graph\">{\"@context\":\"https:\/\/schema.org\",\"@graph\":[{\"@type\":[\"Person\",\"Organization\"],\"@id\":\"https:\/\/www.riveiro1980.com\/#\/schema\/person\/9790ca94c2d1b180395d23e735e6684c\",\"name\":\"admin\",\"image\":{\"@type\":\"ImageObject\",\"@id\":\"https:\/\/www.riveiro1980.com\/#personlogo\",\"inLanguage\":\"es\",\"url\":\"https:\/\/www.riveiro1980.com\/wp-content\/litespeed\/avatar\/fd07d3280eb24f6947597c07e58f52d7.jpg?ver=1778403204\",\"caption\":\"admin\"},\"logo\":{\"@id\":\"https:\/\/www.riveiro1980.com\/#personlogo\"},\"sameAs\":[\"https:\/\/www.riveiro1980.com\"]},{\"@type\":\"WebSite\",\"@id\":\"https:\/\/www.riveiro1980.com\/#website\",\"url\":\"https:\/\/www.riveiro1980.com\/\",\"name\":\"Riveiro1980\",\"description\":\"Peluquer&iacute;a y Barber&iacute;a\",\"publisher\":{\"@id\":\"https:\/\/www.riveiro1980.com\/#\/schema\/person\/9790ca94c2d1b180395d23e735e6684c\"},\"potentialAction\":[{\"@type\":\"SearchAction\",\"target\":\"https:\/\/www.riveiro1980.com\/?s={search_term_string}\",\"query-input\":\"required name=search_term_string\"}],\"inLanguage\":\"es\"},{\"@type\":\"ImageObject\",\"@id\":\"https:\/\/www.riveiro1980.com\/index.php\/productos\/#primaryimage\",\"inLanguage\":\"es\",\"url\":\"https:\/\/www.riveiro1980.com\/wp-content\/uploads\/2020\/04\/PRODUCTOS-3-1024x1024.jpg\"},{\"@type\":\"WebPage\",\"@id\":\"https:\/\/www.riveiro1980.com\/index.php\/productos\/#webpage\",\"url\":\"https:\/\/www.riveiro1980.com\/index.php\/productos\/\",\"name\":\"Productos - Riveiro 1980\",\"isPartOf\":{\"@id\":\"https:\/\/www.riveiro1980.com\/#website\"},\"primaryImageOfPage\":{\"@id\":\"https:\/\/www.riveiro1980.com\/index.php\/productos\/#primaryimage\"},\"datePublished\":\"2020-04-25T16:14:34+00:00\",\"dateModified\":\"2020-04-25T21:22:56+00:00\",\"breadcrumb\":{\"@id\":\"https:\/\/www.riveiro1980.com\/index.php\/productos\/#breadcrumb\"},\"inLanguage\":\"es\",\"potentialAction\":[{\"@type\":\"ReadAction\",\"target\":[\"https:\/\/www.riveiro1980.com\/index.php\/productos\/\"]}]},{\"@type\":\"BreadcrumbList\",\"@id\":\"https:\/\/www.riveiro1980.com\/index.php\/productos\/#breadcrumb\",\"itemListElement\":[{\"@type\":\"ListItem\",\"position\":1,\"item\":{\"@type\":\"WebPage\",\"@id\":\"https:\/\/www.riveiro1980.com\/\",\"url\":\"https:\/\/www.riveiro1980.com\/\",\"name\":\"Portada\"}},{\"@type\":\"ListItem\",\"position\":2,\"item\":{\"@type\":\"WebPage\",\"@id\":\"https:\/\/www.riveiro1980.com\/index.php\/productos\/\",\"url\":\"https:\/\/www.riveiro1980.com\/index.php\/productos\/\",\"name\":\"Productos\"}}]}]}<\/script>\n<!-- \/ Yoast SEO plugin. -->","_links":{"self":[{"href":"https:\/\/www.riveiro1980.com\/index.php\/wp-json\/wp\/v2\/pages\/161"}],"collection":[{"href":"https:\/\/www.riveiro1980.com\/index.php\/wp-json\/wp\/v2\/pages"}],"about":[{"href":"https:\/\/www.riveiro1980.com\/index.php\/wp-json\/wp\/v2\/types\/page"}],"author":[{"embeddable":true,"href":"https:\/\/www.riveiro1980.com\/index.php\/wp-json\/wp\/v2\/users\/1"}],"replies":[{"embeddable":true,"href":"https:\/\/www.riveiro1980.com\/index.php\/wp-json\/wp\/v2\/comments?post=161"}],"version-history":[{"count":2,"href":"https:\/\/www.riveiro1980.com\/index.php\/wp-json\/wp\/v2\/pages\/161\/revisions"}],"predecessor-version":[{"id":227,"href":"https:\/\/www.riveiro1980.com\/index.php\/wp-json\/wp\/v2\/pages\/161\/revisions\/227"}],"wp:attachment":[{"href":"https:\/\/www.riveiro1980.com\/index.php\/wp-json\/wp\/v2\/media?parent=161"}],"curies":[{"name":"wp","href":"https:\/\/api.w.org\/{rel}","templated":true}]}}