{"id":121,"date":"2020-04-25T12:07:45","date_gmt":"2020-04-25T12:07:45","guid":{"rendered":"https:\/\/www.riveiro1980.com\/?page_id=121"},"modified":"2020-04-25T12:48:15","modified_gmt":"2020-04-25T12:48:15","slug":"aviso-legal","status":"publish","type":"page","link":"https:\/\/www.riveiro1980.com\/index.php\/aviso-legal\/","title":{"rendered":"Aviso Legal"},"content":{"rendered":"\n<div class=\"wp-block-image\"><figure class=\"aligncenter size-large\"><img loading=\"lazy\" width=\"473\" height=\"259\" src=\"https:\/\/www.riveiro1980.com\/wp-content\/uploads\/2020\/04\/Captura-de-pantalla-2020-04-25-a-las-14.06.19.png\" alt=\"Aviso Legal\" class=\"wp-image-122\" srcset=\"https:\/\/www.riveiro1980.com\/wp-content\/uploads\/2020\/04\/Captura-de-pantalla-2020-04-25-a-las-14.06.19.png 473w, https:\/\/www.riveiro1980.com\/wp-content\/uploads\/2020\/04\/Captura-de-pantalla-2020-04-25-a-las-14.06.19-300x164.png 300w\" sizes=\"(max-width: 473px) 100vw, 473px\" \/><\/figure><\/div>\n\n\n\n<p>El presente&nbsp;<strong>AVISO LEGAL<\/strong>&nbsp;de Riveiro 1980 regula los derechos y obligaciones, en relaci\u00f3n al acceso, navegaci\u00f3n y utilizaci\u00f3n de la presente web sin perjuicio de que Riveiro 1980 se reserve el derecho a modificar, sin previo aviso, su contenido, siendo vigentes las que se encuentren publicadas en el momento de navegaci\u00f3n.<\/p>\n\n\n\n<p>Mediante la navegaci\u00f3n, visualizaci\u00f3n y uso de esta web adquieres la condici\u00f3n de usuario y por tanto implica por tu parte la aceptaci\u00f3n expresa de todas las cl\u00e1usulas que indicamos en el presente Aviso Legal, as\u00ed como el resto de advertencias o cl\u00e1usulas espec\u00edficas que se establezcan en las diferentes secciones para la contrataci\u00f3n, uso de servicios, productos, inscripciones, o secciones de la P\u00e1gina.<\/p>\n\n\n\n<p>Por lo que en caso de no aceptar las cl\u00e1usulas establecidas en el presente Aviso Legal, deber\u00e1s abstenerte de acceder y\/o utilizar los servicios y\/o contenidos puestos a tu disposici\u00f3n en la P\u00e1gina, procediendo a abandonar la misma.<br><br>Riveiro 1980 podr\u00e1 dar por terminado, suspender o interrumpir, en cualquier momento sin necesidad de previo aviso, el acceso a los contenidos de la p\u00e1gina, sin posibilidad por parte del Usuario de exigir indemnizaci\u00f3n alguna. No obstante, en el caso de cierre de la plataforma, se tratar\u00e1 de devolver todo pago que se haya realizado por suscripciones anuales no completadas.<\/p>\n\n\n\n<h2>Informaci\u00f3n Personal y Fiscal del Responsable de la Web<\/h2>\n\n\n\n<p>Esta web, riveiro1980.com, pertenece a Riveiro 1980.<\/p>\n\n\n\n<p>Domicilio del responsable de la web: C\/ Pla\u00e7a de Bous, 3 46180 Benaguasil (Valencia)<\/p>\n\n\n\n<p>Contacto: mario.riveiro@gmail.com  Tel\u00e9fono: 96 273 15 98. <\/p>\n\n\n\n<h2>Ademas del Aviso Legal de Riveiro 1980, tambi\u00e9n puedes ver:<\/h2>\n\n\n\n<p><a href=\"https:\/\/www.riveiro1980.com\/wp-admin\/post.php?post=116&amp;action=edit\" target=\"_blank\" rel=\"noreferrer noopener\">Nuestra Pol\u00edtica de Privacidad.<\/a><br><a href=\"https:\/\/www.riveiro1980.com\/wp-admin\/post.php?post=125&amp;action=edit\" target=\"_blank\" rel=\"noreferrer noopener\">Nuestra Pol\u00edtica de Cookies.<\/a><\/p>\n<!-- AddThis Advanced Settings generic via filter on the_content --><!-- AddThis Share Buttons generic via filter on the_content -->","protected":false},"excerpt":{"rendered":"<p>El presente&nbsp;AVISO LEGAL&nbsp;de Riveiro 1980 regula los derechos y obligaciones, en relaci\u00f3n al acceso, navegaci\u00f3n y utilizaci\u00f3n de la presente web sin perjuicio de que Riveiro 1980 se reserve el derecho a modificar, sin previo aviso, su contenido, siendo vigentes las que se encuentren publicadas en el momento de navegaci\u00f3n. Mediante la navegaci\u00f3n, visualizaci\u00f3n y &hellip; <\/p>\n<p class=\"link-more\"><a href=\"https:\/\/www.riveiro1980.com\/index.php\/aviso-legal\/\" class=\"more-link\">Continuar leyendo<span class=\"screen-reader-text\"> \u00abAviso Legal\u00bb<\/span><\/a><\/p>\n<p><!-- AddThis Advanced Settings generic via filter on get_the_excerpt --><!-- AddThis Share Buttons generic via filter on get_the_excerpt --><\/p>\n","protected":false},"author":1,"featured_media":0,"parent":0,"menu_order":0,"comment_status":"closed","ping_status":"closed","template":"","meta":[],"yoast_head":"<!-- This site is optimized with the Yoast SEO plugin v15.9 - https:\/\/yoast.com\/wordpress\/plugins\/seo\/ -->\n<title>Aviso Legal - Riveiro 1980<\/title>\n<meta name=\"robots\" content=\"index, follow, max-snippet:-1, max-image-preview:large, max-video-preview:-1\" \/>\n<link rel=\"canonical\" href=\"https:\/\/www.riveiro1980.com\/index.php\/aviso-legal\/\" \/>\n<meta property=\"og:locale\" content=\"es_ES\" \/>\n<meta property=\"og:type\" content=\"article\" \/>\n<meta property=\"og:title\" content=\"Aviso Legal - Riveiro 1980\" \/>\n<meta property=\"og:description\" content=\"El presente&nbsp;AVISO LEGAL&nbsp;de Riveiro 1980 regula los derechos y obligaciones, en relaci\u00f3n al acceso, navegaci\u00f3n y utilizaci\u00f3n de la presente web sin perjuicio de que Riveiro 1980 se reserve el derecho a modificar, sin previo aviso, su contenido, siendo vigentes las que se encuentren publicadas en el momento de navegaci\u00f3n. Mediante la navegaci\u00f3n, visualizaci\u00f3n y &hellip; Continuar leyendo &quot;Aviso Legal&quot;\" \/>\n<meta property=\"og:url\" content=\"https:\/\/www.riveiro1980.com\/index.php\/aviso-legal\/\" \/>\n<meta property=\"og:site_name\" content=\"Riveiro 1980\" \/>\n<meta property=\"article:modified_time\" content=\"2020-04-25T12:48:15+00:00\" \/>\n<meta property=\"og:image\" content=\"https:\/\/www.riveiro1980.com\/wp-content\/uploads\/2020\/04\/Captura-de-pantalla-2020-04-25-a-las-14.06.19.png\" \/>\n<meta name=\"twitter:card\" content=\"summary_large_image\" \/>\n<meta name=\"twitter:label1\" content=\"Tiempo de lectura\">\n\t<meta name=\"twitter:data1\" content=\"1 minuto\">\n<script type=\"application\/ld+json\" class=\"yoast-schema-graph\">{\"@context\":\"https:\/\/schema.org\",\"@graph\":[{\"@type\":[\"Person\",\"Organization\"],\"@id\":\"https:\/\/www.riveiro1980.com\/#\/schema\/person\/9790ca94c2d1b180395d23e735e6684c\",\"name\":\"admin\",\"image\":{\"@type\":\"ImageObject\",\"@id\":\"https:\/\/www.riveiro1980.com\/#personlogo\",\"inLanguage\":\"es\",\"url\":\"https:\/\/www.riveiro1980.com\/wp-content\/litespeed\/avatar\/fd07d3280eb24f6947597c07e58f52d7.jpg?ver=1778403204\",\"caption\":\"admin\"},\"logo\":{\"@id\":\"https:\/\/www.riveiro1980.com\/#personlogo\"},\"sameAs\":[\"https:\/\/www.riveiro1980.com\"]},{\"@type\":\"WebSite\",\"@id\":\"https:\/\/www.riveiro1980.com\/#website\",\"url\":\"https:\/\/www.riveiro1980.com\/\",\"name\":\"Riveiro1980\",\"description\":\"Peluquer&iacute;a y Barber&iacute;a\",\"publisher\":{\"@id\":\"https:\/\/www.riveiro1980.com\/#\/schema\/person\/9790ca94c2d1b180395d23e735e6684c\"},\"potentialAction\":[{\"@type\":\"SearchAction\",\"target\":\"https:\/\/www.riveiro1980.com\/?s={search_term_string}\",\"query-input\":\"required name=search_term_string\"}],\"inLanguage\":\"es\"},{\"@type\":\"ImageObject\",\"@id\":\"https:\/\/www.riveiro1980.com\/index.php\/aviso-legal\/#primaryimage\",\"inLanguage\":\"es\",\"url\":\"https:\/\/www.riveiro1980.com\/wp-content\/uploads\/2020\/04\/Captura-de-pantalla-2020-04-25-a-las-14.06.19.png\",\"width\":473,\"height\":259,\"caption\":\"Aviso Legal\"},{\"@type\":\"WebPage\",\"@id\":\"https:\/\/www.riveiro1980.com\/index.php\/aviso-legal\/#webpage\",\"url\":\"https:\/\/www.riveiro1980.com\/index.php\/aviso-legal\/\",\"name\":\"Aviso Legal - Riveiro 1980\",\"isPartOf\":{\"@id\":\"https:\/\/www.riveiro1980.com\/#website\"},\"primaryImageOfPage\":{\"@id\":\"https:\/\/www.riveiro1980.com\/index.php\/aviso-legal\/#primaryimage\"},\"datePublished\":\"2020-04-25T12:07:45+00:00\",\"dateModified\":\"2020-04-25T12:48:15+00:00\",\"breadcrumb\":{\"@id\":\"https:\/\/www.riveiro1980.com\/index.php\/aviso-legal\/#breadcrumb\"},\"inLanguage\":\"es\",\"potentialAction\":[{\"@type\":\"ReadAction\",\"target\":[\"https:\/\/www.riveiro1980.com\/index.php\/aviso-legal\/\"]}]},{\"@type\":\"BreadcrumbList\",\"@id\":\"https:\/\/www.riveiro1980.com\/index.php\/aviso-legal\/#breadcrumb\",\"itemListElement\":[{\"@type\":\"ListItem\",\"position\":1,\"item\":{\"@type\":\"WebPage\",\"@id\":\"https:\/\/www.riveiro1980.com\/\",\"url\":\"https:\/\/www.riveiro1980.com\/\",\"name\":\"Portada\"}},{\"@type\":\"ListItem\",\"position\":2,\"item\":{\"@type\":\"WebPage\",\"@id\":\"https:\/\/www.riveiro1980.com\/index.php\/aviso-legal\/\",\"url\":\"https:\/\/www.riveiro1980.com\/index.php\/aviso-legal\/\",\"name\":\"Aviso Legal\"}}]}]}<\/script>\n<!-- \/ Yoast SEO plugin. -->","_links":{"self":[{"href":"https:\/\/www.riveiro1980.com\/index.php\/wp-json\/wp\/v2\/pages\/121"}],"collection":[{"href":"https:\/\/www.riveiro1980.com\/index.php\/wp-json\/wp\/v2\/pages"}],"about":[{"href":"https:\/\/www.riveiro1980.com\/index.php\/wp-json\/wp\/v2\/types\/page"}],"author":[{"embeddable":true,"href":"https:\/\/www.riveiro1980.com\/index.php\/wp-json\/wp\/v2\/users\/1"}],"replies":[{"embeddable":true,"href":"https:\/\/www.riveiro1980.com\/index.php\/wp-json\/wp\/v2\/comments?post=121"}],"version-history":[{"count":2,"href":"https:\/\/www.riveiro1980.com\/index.php\/wp-json\/wp\/v2\/pages\/121\/revisions"}],"predecessor-version":[{"id":130,"href":"https:\/\/www.riveiro1980.com\/index.php\/wp-json\/wp\/v2\/pages\/121\/revisions\/130"}],"wp:attachment":[{"href":"https:\/\/www.riveiro1980.com\/index.php\/wp-json\/wp\/v2\/media?parent=121"}],"curies":[{"name":"wp","href":"https:\/\/api.w.org\/{rel}","templated":true}]}}